{"id":999,"date":"2024-12-11T12:41:02","date_gmt":"2024-12-11T11:41:02","guid":{"rendered":"https:\/\/www.globalsafety.fr\/economic-security\/"},"modified":"2024-12-16T11:03:33","modified_gmt":"2024-12-16T10:03:33","slug":"economic-security","status":"publish","type":"page","link":"https:\/\/www.globalsafety.fr\/en\/economic-security\/","title":{"rendered":"Economic Security"},"content":{"rendered":"\t\t<div data-elementor-type=\"wp-page\" data-elementor-id=\"999\" class=\"elementor elementor-999 elementor-526\" data-elementor-post-type=\"page\">\n\t\t\t\t\t\t<section data-particle_enable=\"false\" data-particle-mobile-disabled=\"false\" class=\"elementor-section elementor-top-section elementor-element elementor-element-la97vdq elementor-section-content-middle elementor-section-full_width elementor-section-height-default elementor-section-height-default\" data-id=\"la97vdq\" data-element_type=\"section\" data-e-type=\"section\" data-settings=\"{&quot;background_background&quot;:&quot;classic&quot;}\">\n\t\t\t\t\t\t<div class=\"elementor-container elementor-column-gap-no\">\n\t\t\t\t\t<div class=\"elementor-column elementor-col-50 elementor-top-column elementor-element elementor-element-afe31b7\" data-id=\"afe31b7\" data-element_type=\"column\" data-e-type=\"column\">\n\t\t\t<div class=\"elementor-widget-wrap elementor-element-populated\">\n\t\t\t\t\t\t<div class=\"elementor-element elementor-element-a67dd64 elementor-widget elementor-widget-heading\" data-id=\"a67dd64\" data-element_type=\"widget\" data-e-type=\"widget\" data-widget_type=\"heading.default\">\n\t\t\t\t\t<h5 class=\"elementor-heading-title elementor-size-default\">Anticipate Risks and Protect Your Business in a Competitive Environment<\/h5>\t\t\t\t<\/div>\n\t\t\t\t<div class=\"elementor-element elementor-element-e02d723 elementor-widget elementor-widget-heading\" data-id=\"e02d723\" data-element_type=\"widget\" data-e-type=\"widget\" data-widget_type=\"heading.default\">\n\t\t\t\t\t<h1 class=\"elementor-heading-title elementor-size-default\">Awareness<br>Economic Security<\/h1>\t\t\t\t<\/div>\n\t\t\t\t<div class=\"elementor-element elementor-element-7463154 elementor-widget elementor-widget-text-editor\" data-id=\"7463154\" data-element_type=\"widget\" data-e-type=\"widget\" data-widget_type=\"text-editor.default\">\n\t\t\t\t\t\t\t\t\t<p>Train your leadership team in economic security. Strengthen your defenses and anticipate threats today. <\/p>\n\t\t\t\t\t\t\t\t<\/div>\n\t\t\t\t<div class=\"elementor-element elementor-element-667eb2e elementor-widget elementor-widget-button\" data-id=\"667eb2e\" data-element_type=\"widget\" data-e-type=\"widget\" data-widget_type=\"button.default\">\n\t\t\t\t\t\t\t\t\t\t<a class=\"elementor-button elementor-button-link elementor-size-sm\" href=\"https:\/\/www.globalsafety.fr\/en\/request-a-private-security-quote\/\">\n\t\t\t\t\t\t<span class=\"elementor-button-content-wrapper\">\n\t\t\t\t\t\t\t\t\t<span class=\"elementor-button-text\">Request a Quote<\/span>\n\t\t\t\t\t<\/span>\n\t\t\t\t\t<\/a>\n\t\t\t\t\t\t\t\t<\/div>\n\t\t\t\t\t<\/div>\n\t\t<\/div>\n\t\t\t\t<div class=\"elementor-column elementor-col-50 elementor-top-column elementor-element elementor-element-e8a3c70\" data-id=\"e8a3c70\" data-element_type=\"column\" data-e-type=\"column\">\n\t\t\t<div class=\"elementor-widget-wrap elementor-element-populated\">\n\t\t\t\t\t\t<div class=\"elementor-element elementor-element-c7f3bca elementor-arrows-position-inside elementor-widget elementor-widget-image-carousel\" data-id=\"c7f3bca\" data-element_type=\"widget\" data-e-type=\"widget\" data-settings=\"{&quot;slides_to_show&quot;:&quot;1&quot;,&quot;slides_to_show_tablet&quot;:&quot;1&quot;,&quot;slides_to_show_mobile&quot;:&quot;1&quot;,&quot;navigation&quot;:&quot;arrows&quot;,&quot;infinite&quot;:&quot;yes&quot;,&quot;effect&quot;:&quot;slide&quot;,&quot;speed&quot;:500}\" data-widget_type=\"image-carousel.default\">\n\t\t\t\t\t\t\t<div class=\"elementor-image-carousel-wrapper swiper\" role=\"region\" aria-roledescription=\"carousel\" aria-label=\"Image Carousel\" dir=\"ltr\">\n\t\t\t<div class=\"elementor-image-carousel swiper-wrapper swiper-image-stretch\" aria-live=\"polite\">\n\t\t\t\t\t\t\t\t<div class=\"swiper-slide\" role=\"group\" aria-roledescription=\"slide\" aria-label=\"1 of 1\"><figure class=\"swiper-slide-inner\"><img decoding=\"async\" class=\"swiper-slide-image\" src=\"https:\/\/www.globalsafety.fr\/wp-content\/uploads\/2024\/12\/sensibilisation-securite-economique.jpeg\" alt=\"Economic Security Awareness Training\" \/><\/figure><\/div>\t\t\t<\/div>\n\t\t\t\t\t<\/div>\n\t\t\t\t\t\t<\/div>\n\t\t\t\t\t<\/div>\n\t\t<\/div>\n\t\t\t\t\t<\/div>\n\t\t<\/section>\n\t\t\t\t<section data-particle_enable=\"false\" data-particle-mobile-disabled=\"false\" class=\"elementor-section elementor-top-section elementor-element elementor-element-d5cgfrm elementor-section-content-top elementor-reverse-mobile elementor-section-boxed elementor-section-height-default elementor-section-height-default\" data-id=\"d5cgfrm\" data-element_type=\"section\" data-e-type=\"section\" data-settings=\"{&quot;background_background&quot;:&quot;classic&quot;}\">\n\t\t\t\t\t\t\t<div class=\"elementor-background-overlay\"><\/div>\n\t\t\t\t\t\t\t<div class=\"elementor-container elementor-column-gap-no\">\n\t\t\t\t\t<div class=\"elementor-column elementor-col-50 elementor-top-column elementor-element elementor-element-233a7da\" data-id=\"233a7da\" data-element_type=\"column\" data-e-type=\"column\">\n\t\t\t<div class=\"elementor-widget-wrap elementor-element-populated\">\n\t\t\t\t\t\t<div class=\"elementor-element elementor-element-be3f1ae elementor-widget elementor-widget-image\" data-id=\"be3f1ae\" data-element_type=\"widget\" data-e-type=\"widget\" data-widget_type=\"image.default\">\n\t\t\t\t\t\t\t\t\t\t\t\t\t\t\t<img fetchpriority=\"high\" decoding=\"async\" width=\"2478\" height=\"1659\" src=\"https:\/\/www.globalsafety.fr\/wp-content\/uploads\/2024\/12\/Echiquier.jpg\" class=\"attachment-full size-full wp-image-948\" alt=\"discover the fundamentals of business intelligence\" srcset=\"https:\/\/www.globalsafety.fr\/wp-content\/uploads\/2024\/12\/Echiquier.jpg 2478w, https:\/\/www.globalsafety.fr\/wp-content\/uploads\/2024\/12\/Echiquier-300x201.jpg 300w, https:\/\/www.globalsafety.fr\/wp-content\/uploads\/2024\/12\/Echiquier-1024x686.jpg 1024w, https:\/\/www.globalsafety.fr\/wp-content\/uploads\/2024\/12\/Echiquier-768x514.jpg 768w, https:\/\/www.globalsafety.fr\/wp-content\/uploads\/2024\/12\/Echiquier-1536x1028.jpg 1536w, https:\/\/www.globalsafety.fr\/wp-content\/uploads\/2024\/12\/Echiquier-2048x1371.jpg 2048w\" sizes=\"(max-width: 2478px) 100vw, 2478px\" \/>\t\t\t\t\t\t\t\t\t\t\t\t\t\t\t<\/div>\n\t\t\t\t\t<\/div>\n\t\t<\/div>\n\t\t\t\t<div class=\"elementor-column elementor-col-50 elementor-top-column elementor-element elementor-element-d4838ed\" data-id=\"d4838ed\" data-element_type=\"column\" data-e-type=\"column\">\n\t\t\t<div class=\"elementor-widget-wrap elementor-element-populated\">\n\t\t\t\t\t\t<div class=\"elementor-element elementor-element-b7626eb elementor-hidden-tablet elementor-hidden-mobile elementor-widget elementor-widget-spacer\" data-id=\"b7626eb\" data-element_type=\"widget\" data-e-type=\"widget\" data-widget_type=\"spacer.default\">\n\t\t\t\t\t\t\t<div class=\"elementor-spacer\">\n\t\t\t<div class=\"elementor-spacer-inner\"><\/div>\n\t\t<\/div>\n\t\t\t\t\t\t<\/div>\n\t\t\t\t<div class=\"elementor-element elementor-element-68a6007 elementor-widget elementor-widget-heading\" data-id=\"68a6007\" data-element_type=\"widget\" data-e-type=\"widget\" data-widget_type=\"heading.default\">\n\t\t\t\t\t<h2 class=\"elementor-heading-title elementor-size-default\">Why Focus on Economic Intelligence?<\/h2>\t\t\t\t<\/div>\n\t\t\t\t<div class=\"elementor-element elementor-element-c89700a elementor-widget elementor-widget-text-editor\" data-id=\"c89700a\" data-element_type=\"widget\" data-e-type=\"widget\" data-widget_type=\"text-editor.default\">\n\t\t\t\t\t\t\t\t\t<p>Modern businesses operate in an environment where threats are constantly evolving: industrial espionage, counterfeiting, cyberattacks, and information manipulation. Economic intelligence goes beyond safeguarding physical assets to include protecting sensitive data, managing external influences, and mitigating risks abroad. <\/p>\n<p>At Global Safety, we help executives and key decision-makers understand the critical aspects of economic security. Our goal is to equip you with the tools necessary to identify risks, leverage strategic monitoring, and protect your most valuable assets. <\/p>\n\t\t\t\t\t\t\t\t<\/div>\n\t\t\t\t\t<\/div>\n\t\t<\/div>\n\t\t\t\t\t<\/div>\n\t\t<\/section>\n\t\t\t\t<section data-particle_enable=\"false\" data-particle-mobile-disabled=\"false\" class=\"elementor-section elementor-top-section elementor-element elementor-element-ujzh6my elementor-section-content-middle elementor-section-boxed elementor-section-height-default elementor-section-height-default\" data-id=\"ujzh6my\" data-element_type=\"section\" data-e-type=\"section\">\n\t\t\t\t\t\t\t<div class=\"elementor-background-overlay\"><\/div>\n\t\t\t\t\t\t\t<div class=\"elementor-container elementor-column-gap-no\">\n\t\t\t\t\t<div class=\"elementor-column elementor-col-50 elementor-top-column elementor-element elementor-element-e68dcfe\" data-id=\"e68dcfe\" data-element_type=\"column\" data-e-type=\"column\">\n\t\t\t<div class=\"elementor-widget-wrap elementor-element-populated\">\n\t\t\t\t\t\t<div class=\"elementor-element elementor-element-a0ce042 elementor-widget elementor-widget-heading\" data-id=\"a0ce042\" data-element_type=\"widget\" data-e-type=\"widget\" data-widget_type=\"heading.default\">\n\t\t\t\t\t<h2 class=\"elementor-heading-title elementor-size-default\">Economic Security Awareness Program<\/h2>\t\t\t\t<\/div>\n\t\t\t\t<div class=\"elementor-element elementor-element-e3ad830 elementor-widget elementor-widget-text-editor\" data-id=\"e3ad830\" data-element_type=\"widget\" data-e-type=\"widget\" data-widget_type=\"text-editor.default\">\n\t\t\t\t\t\t\t\t\t<p>Our program is designed for individuals in leadership positions responsible for protecting strategic assets or sensitive information. Over two intensive days (14 hours), we cover key topics to provide a comprehensive understanding of economic security challenges: <\/p>\n<ol>\n<li>\n<p><strong>Introduction to Economic Security<\/strong><\/p>\n<ul>\n<li>Understanding the world of economic security.<\/li>\n<li>Identifying the stakes of hyper-competition and economic warfare.<\/li>\n<\/ul>\n<\/li>\n<li>\n<p><strong>Monitoring Tools and Diagnostics<\/strong><\/p>\n<ul>\n<li>Strategic monitoring methods.<\/li>\n<li>The legal framework for research and information gathering.<\/li>\n<\/ul>\n<\/li>\n<li>\n<p><strong>Risk Management and Business Protection<\/strong><\/p>\n<ul>\n<li>Combating counterfeiting.<\/li>\n<li>Protecting brand image.<\/li>\n<li>Preventing cyberterrorism..<\/li>\n<\/ul>\n<\/li>\n<li>\n<p><strong>Communication and Influence<\/strong><\/p>\n<ul>\n<li>Managing information in the digital age.<\/li>\n<li>Online reputation management on social media and the web.<\/li>\n<li>Strategies for digital influence.<\/li>\n<\/ul>\n<\/li>\n<li>\n<p><strong>International Risks<\/strong><\/p>\n<ul>\n<li>Identifying and managing intercultural risks.<\/li>\n<li>Protecting personnel during business travel.<\/li>\n<li>Developing communication strategies for international scenarios.<\/li>\n<\/ul>\n<\/li>\n<\/ol>\n<p>Each topic can be further explored through specialized training sessions tailored to your specific needs.<\/p>\n\t\t\t\t\t\t\t\t<\/div>\n\t\t\t\t\t<\/div>\n\t\t<\/div>\n\t\t\t\t<div class=\"elementor-column elementor-col-50 elementor-top-column elementor-element elementor-element-47d11e6 elementor-hidden-mobile\" data-id=\"47d11e6\" data-element_type=\"column\" data-e-type=\"column\">\n\t\t\t<div class=\"elementor-widget-wrap elementor-element-populated\">\n\t\t\t\t\t\t<div class=\"elementor-element elementor-element-51240be elementor-widget elementor-widget-image\" data-id=\"51240be\" data-element_type=\"widget\" data-e-type=\"widget\" data-widget_type=\"image.default\">\n\t\t\t\t\t\t\t\t\t\t\t\t\t\t\t<img decoding=\"async\" width=\"832\" height=\"1216\" src=\"https:\/\/www.globalsafety.fr\/wp-content\/uploads\/2024\/12\/veille-marche.jpeg\" class=\"attachment-full size-full wp-image-943\" alt=\"Corporate awareness of economic security in Nice, Cannes and Sophia Antipolis\" srcset=\"https:\/\/www.globalsafety.fr\/wp-content\/uploads\/2024\/12\/veille-marche.jpeg 832w, https:\/\/www.globalsafety.fr\/wp-content\/uploads\/2024\/12\/veille-marche-205x300.jpeg 205w, https:\/\/www.globalsafety.fr\/wp-content\/uploads\/2024\/12\/veille-marche-701x1024.jpeg 701w, https:\/\/www.globalsafety.fr\/wp-content\/uploads\/2024\/12\/veille-marche-768x1122.jpeg 768w\" sizes=\"(max-width: 832px) 100vw, 832px\" \/>\t\t\t\t\t\t\t\t\t\t\t\t\t\t\t<\/div>\n\t\t\t\t\t<\/div>\n\t\t<\/div>\n\t\t\t\t\t<\/div>\n\t\t<\/section>\n\t\t\t\t<\/div>\n\t\t","protected":false},"excerpt":{"rendered":"<p>Anticipate Risks and Protect Your Business in a Competitive Environment AwarenessEconomic Security Train your leadership team in economic security. Strengthen [&hellip;]<\/p>\n","protected":false},"author":1,"featured_media":0,"parent":0,"menu_order":0,"comment_status":"closed","ping_status":"closed","template":"","meta":{"site-sidebar-layout":"no-sidebar","site-content-layout":"","ast-site-content-layout":"full-width-container","site-content-style":"default","site-sidebar-style":"default","ast-global-header-display":"","ast-banner-title-visibility":"","ast-main-header-display":"","ast-hfb-above-header-display":"","ast-hfb-below-header-display":"","ast-hfb-mobile-header-display":"","site-post-title":"disabled","ast-breadcrumbs-content":"","ast-featured-img":"disabled","footer-sml-layout":"","ast-disable-related-posts":"","theme-transparent-header-meta":"","adv-header-id-meta":"","stick-header-meta":"","header-above-stick-meta":"","header-main-stick-meta":"","header-below-stick-meta":"","astra-migrate-meta-layouts":"default","ast-page-background-enabled":"default","ast-page-background-meta":{"desktop":{"background-color":"var(--ast-global-color-4)","background-image":"","background-repeat":"repeat","background-position":"center center","background-size":"auto","background-attachment":"scroll","background-type":"","background-media":"","overlay-type":"","overlay-color":"","overlay-opacity":"","overlay-gradient":""},"tablet":{"background-color":"","background-image":"","background-repeat":"repeat","background-position":"center center","background-size":"auto","background-attachment":"scroll","background-type":"","background-media":"","overlay-type":"","overlay-color":"","overlay-opacity":"","overlay-gradient":""},"mobile":{"background-color":"","background-image":"","background-repeat":"repeat","background-position":"center center","background-size":"auto","background-attachment":"scroll","background-type":"","background-media":"","overlay-type":"","overlay-color":"","overlay-opacity":"","overlay-gradient":""}},"ast-content-background-meta":{"desktop":{"background-color":"var(--ast-global-color-5)","background-image":"","background-repeat":"repeat","background-position":"center center","background-size":"auto","background-attachment":"scroll","background-type":"","background-media":"","overlay-type":"","overlay-color":"","overlay-opacity":"","overlay-gradient":""},"tablet":{"background-color":"var(--ast-global-color-5)","background-image":"","background-repeat":"repeat","background-position":"center center","background-size":"auto","background-attachment":"scroll","background-type":"","background-media":"","overlay-type":"","overlay-color":"","overlay-opacity":"","overlay-gradient":""},"mobile":{"background-color":"var(--ast-global-color-5)","background-image":"","background-repeat":"repeat","background-position":"center center","background-size":"auto","background-attachment":"scroll","background-type":"","background-media":"","overlay-type":"","overlay-color":"","overlay-opacity":"","overlay-gradient":""}},"footnotes":""},"class_list":["post-999","page","type-page","status-publish","hentry"],"yoast_head":"<!-- This site is optimized with the Yoast SEO plugin v27.3 - https:\/\/yoast.com\/product\/yoast-seo-wordpress\/ -->\n<title>Economic Security - Global Safety<\/title>\n<meta name=\"description\" content=\"Train your leadership team in economic security. Strengthen your defenses and anticipate threats today.\" \/>\n<meta name=\"robots\" content=\"index, follow, max-snippet:-1, max-image-preview:large, max-video-preview:-1\" \/>\n<link rel=\"canonical\" href=\"https:\/\/www.globalsafety.fr\/en\/economic-security\/\" \/>\n<meta property=\"og:locale\" content=\"en_US\" \/>\n<meta property=\"og:type\" content=\"article\" \/>\n<meta property=\"og:title\" content=\"Economic Security - Global Safety\" \/>\n<meta property=\"og:description\" content=\"Train your leadership team in economic security. Strengthen your defenses and anticipate threats today.\" \/>\n<meta property=\"og:url\" content=\"https:\/\/www.globalsafety.fr\/en\/economic-security\/\" \/>\n<meta property=\"og:site_name\" content=\"Global Safety\" \/>\n<meta property=\"article:publisher\" content=\"https:\/\/www.facebook.com\/Global-Safety-Consulting-341380578309\/?fref=ts\" \/>\n<meta property=\"article:modified_time\" content=\"2024-12-16T10:03:33+00:00\" \/>\n<meta property=\"og:image\" content=\"https:\/\/www.globalsafety.fr\/wp-content\/uploads\/2024\/12\/sensibilisation-securite-economique.jpeg\" \/>\n<meta name=\"twitter:card\" content=\"summary_large_image\" \/>\n<meta name=\"twitter:label1\" content=\"Est. reading time\" \/>\n\t<meta name=\"twitter:data1\" content=\"1 minute\" \/>\n<script type=\"application\/ld+json\" class=\"yoast-schema-graph\">{\"@context\":\"https:\\\/\\\/schema.org\",\"@graph\":[{\"@type\":\"WebPage\",\"@id\":\"https:\\\/\\\/www.globalsafety.fr\\\/en\\\/economic-security\\\/\",\"url\":\"https:\\\/\\\/www.globalsafety.fr\\\/en\\\/economic-security\\\/\",\"name\":\"Economic Security - Global Safety\",\"isPartOf\":{\"@id\":\"https:\\\/\\\/www.globalsafety.fr\\\/en\\\/#website\"},\"primaryImageOfPage\":{\"@id\":\"https:\\\/\\\/www.globalsafety.fr\\\/en\\\/economic-security\\\/#primaryimage\"},\"image\":{\"@id\":\"https:\\\/\\\/www.globalsafety.fr\\\/en\\\/economic-security\\\/#primaryimage\"},\"thumbnailUrl\":\"https:\\\/\\\/www.globalsafety.fr\\\/wp-content\\\/uploads\\\/2024\\\/12\\\/sensibilisation-securite-economique.jpeg\",\"datePublished\":\"2024-12-11T11:41:02+00:00\",\"dateModified\":\"2024-12-16T10:03:33+00:00\",\"description\":\"Train your leadership team in economic security. Strengthen your defenses and anticipate threats today.\",\"breadcrumb\":{\"@id\":\"https:\\\/\\\/www.globalsafety.fr\\\/en\\\/economic-security\\\/#breadcrumb\"},\"inLanguage\":\"en-US\",\"potentialAction\":[{\"@type\":\"ReadAction\",\"target\":[\"https:\\\/\\\/www.globalsafety.fr\\\/en\\\/economic-security\\\/\"]}]},{\"@type\":\"ImageObject\",\"inLanguage\":\"en-US\",\"@id\":\"https:\\\/\\\/www.globalsafety.fr\\\/en\\\/economic-security\\\/#primaryimage\",\"url\":\"https:\\\/\\\/www.globalsafety.fr\\\/wp-content\\\/uploads\\\/2024\\\/12\\\/sensibilisation-securite-economique.jpeg\",\"contentUrl\":\"https:\\\/\\\/www.globalsafety.fr\\\/wp-content\\\/uploads\\\/2024\\\/12\\\/sensibilisation-securite-economique.jpeg\"},{\"@type\":\"BreadcrumbList\",\"@id\":\"https:\\\/\\\/www.globalsafety.fr\\\/en\\\/economic-security\\\/#breadcrumb\",\"itemListElement\":[{\"@type\":\"ListItem\",\"position\":1,\"name\":\"Accueil\",\"item\":\"https:\\\/\\\/www.globalsafety.fr\\\/en\\\/home\\\/\"},{\"@type\":\"ListItem\",\"position\":2,\"name\":\"Economic Security\"}]},{\"@type\":\"WebSite\",\"@id\":\"https:\\\/\\\/www.globalsafety.fr\\\/en\\\/#website\",\"url\":\"https:\\\/\\\/www.globalsafety.fr\\\/en\\\/\",\"name\":\"Global Safety\",\"description\":\"Soci\u00e9t\u00e9 de s\u00e9curit\u00e9 priv\u00e9e sur la C\u00f4te d&#039;Azur\",\"publisher\":{\"@id\":\"https:\\\/\\\/www.globalsafety.fr\\\/en\\\/#organization\"},\"potentialAction\":[{\"@type\":\"SearchAction\",\"target\":{\"@type\":\"EntryPoint\",\"urlTemplate\":\"https:\\\/\\\/www.globalsafety.fr\\\/en\\\/?s={search_term_string}\"},\"query-input\":{\"@type\":\"PropertyValueSpecification\",\"valueRequired\":true,\"valueName\":\"search_term_string\"}}],\"inLanguage\":\"en-US\"},{\"@type\":\"Organization\",\"@id\":\"https:\\\/\\\/www.globalsafety.fr\\\/en\\\/#organization\",\"name\":\"Global Safety\",\"url\":\"https:\\\/\\\/www.globalsafety.fr\\\/en\\\/\",\"logo\":{\"@type\":\"ImageObject\",\"inLanguage\":\"en-US\",\"@id\":\"https:\\\/\\\/www.globalsafety.fr\\\/en\\\/#\\\/schema\\\/logo\\\/image\\\/\",\"url\":\"https:\\\/\\\/www.globalsafety.fr\\\/wp-content\\\/uploads\\\/2024\\\/11\\\/Logo-Global-Safety.png\",\"contentUrl\":\"https:\\\/\\\/www.globalsafety.fr\\\/wp-content\\\/uploads\\\/2024\\\/11\\\/Logo-Global-Safety.png\",\"width\":301,\"height\":54,\"caption\":\"Global Safety\"},\"image\":{\"@id\":\"https:\\\/\\\/www.globalsafety.fr\\\/en\\\/#\\\/schema\\\/logo\\\/image\\\/\"},\"sameAs\":[\"https:\\\/\\\/www.facebook.com\\\/Global-Safety-Consulting-341380578309\\\/?fref=ts\",\"https:\\\/\\\/www.instagram.com\\\/globalsafety06\\\/\",\"https:\\\/\\\/www.linkedin.com\\\/company\\\/globalsafety06\\\/\"]}]}<\/script>\n<!-- \/ Yoast SEO plugin. -->","yoast_head_json":{"title":"Economic Security - Global Safety","description":"Train your leadership team in economic security. Strengthen your defenses and anticipate threats today.","robots":{"index":"index","follow":"follow","max-snippet":"max-snippet:-1","max-image-preview":"max-image-preview:large","max-video-preview":"max-video-preview:-1"},"canonical":"https:\/\/www.globalsafety.fr\/en\/economic-security\/","og_locale":"en_US","og_type":"article","og_title":"Economic Security - Global Safety","og_description":"Train your leadership team in economic security. Strengthen your defenses and anticipate threats today.","og_url":"https:\/\/www.globalsafety.fr\/en\/economic-security\/","og_site_name":"Global Safety","article_publisher":"https:\/\/www.facebook.com\/Global-Safety-Consulting-341380578309\/?fref=ts","article_modified_time":"2024-12-16T10:03:33+00:00","og_image":[{"url":"https:\/\/www.globalsafety.fr\/wp-content\/uploads\/2024\/12\/sensibilisation-securite-economique.jpeg","type":"","width":"","height":""}],"twitter_card":"summary_large_image","twitter_misc":{"Est. reading time":"1 minute"},"schema":{"@context":"https:\/\/schema.org","@graph":[{"@type":"WebPage","@id":"https:\/\/www.globalsafety.fr\/en\/economic-security\/","url":"https:\/\/www.globalsafety.fr\/en\/economic-security\/","name":"Economic Security - Global Safety","isPartOf":{"@id":"https:\/\/www.globalsafety.fr\/en\/#website"},"primaryImageOfPage":{"@id":"https:\/\/www.globalsafety.fr\/en\/economic-security\/#primaryimage"},"image":{"@id":"https:\/\/www.globalsafety.fr\/en\/economic-security\/#primaryimage"},"thumbnailUrl":"https:\/\/www.globalsafety.fr\/wp-content\/uploads\/2024\/12\/sensibilisation-securite-economique.jpeg","datePublished":"2024-12-11T11:41:02+00:00","dateModified":"2024-12-16T10:03:33+00:00","description":"Train your leadership team in economic security. Strengthen your defenses and anticipate threats today.","breadcrumb":{"@id":"https:\/\/www.globalsafety.fr\/en\/economic-security\/#breadcrumb"},"inLanguage":"en-US","potentialAction":[{"@type":"ReadAction","target":["https:\/\/www.globalsafety.fr\/en\/economic-security\/"]}]},{"@type":"ImageObject","inLanguage":"en-US","@id":"https:\/\/www.globalsafety.fr\/en\/economic-security\/#primaryimage","url":"https:\/\/www.globalsafety.fr\/wp-content\/uploads\/2024\/12\/sensibilisation-securite-economique.jpeg","contentUrl":"https:\/\/www.globalsafety.fr\/wp-content\/uploads\/2024\/12\/sensibilisation-securite-economique.jpeg"},{"@type":"BreadcrumbList","@id":"https:\/\/www.globalsafety.fr\/en\/economic-security\/#breadcrumb","itemListElement":[{"@type":"ListItem","position":1,"name":"Accueil","item":"https:\/\/www.globalsafety.fr\/en\/home\/"},{"@type":"ListItem","position":2,"name":"Economic Security"}]},{"@type":"WebSite","@id":"https:\/\/www.globalsafety.fr\/en\/#website","url":"https:\/\/www.globalsafety.fr\/en\/","name":"Global Safety","description":"Soci\u00e9t\u00e9 de s\u00e9curit\u00e9 priv\u00e9e sur la C\u00f4te d&#039;Azur","publisher":{"@id":"https:\/\/www.globalsafety.fr\/en\/#organization"},"potentialAction":[{"@type":"SearchAction","target":{"@type":"EntryPoint","urlTemplate":"https:\/\/www.globalsafety.fr\/en\/?s={search_term_string}"},"query-input":{"@type":"PropertyValueSpecification","valueRequired":true,"valueName":"search_term_string"}}],"inLanguage":"en-US"},{"@type":"Organization","@id":"https:\/\/www.globalsafety.fr\/en\/#organization","name":"Global Safety","url":"https:\/\/www.globalsafety.fr\/en\/","logo":{"@type":"ImageObject","inLanguage":"en-US","@id":"https:\/\/www.globalsafety.fr\/en\/#\/schema\/logo\/image\/","url":"https:\/\/www.globalsafety.fr\/wp-content\/uploads\/2024\/11\/Logo-Global-Safety.png","contentUrl":"https:\/\/www.globalsafety.fr\/wp-content\/uploads\/2024\/11\/Logo-Global-Safety.png","width":301,"height":54,"caption":"Global Safety"},"image":{"@id":"https:\/\/www.globalsafety.fr\/en\/#\/schema\/logo\/image\/"},"sameAs":["https:\/\/www.facebook.com\/Global-Safety-Consulting-341380578309\/?fref=ts","https:\/\/www.instagram.com\/globalsafety06\/","https:\/\/www.linkedin.com\/company\/globalsafety06\/"]}]}},"_links":{"self":[{"href":"https:\/\/www.globalsafety.fr\/en\/wp-json\/wp\/v2\/pages\/999","targetHints":{"allow":["GET"]}}],"collection":[{"href":"https:\/\/www.globalsafety.fr\/en\/wp-json\/wp\/v2\/pages"}],"about":[{"href":"https:\/\/www.globalsafety.fr\/en\/wp-json\/wp\/v2\/types\/page"}],"author":[{"embeddable":true,"href":"https:\/\/www.globalsafety.fr\/en\/wp-json\/wp\/v2\/users\/1"}],"replies":[{"embeddable":true,"href":"https:\/\/www.globalsafety.fr\/en\/wp-json\/wp\/v2\/comments?post=999"}],"version-history":[{"count":1,"href":"https:\/\/www.globalsafety.fr\/en\/wp-json\/wp\/v2\/pages\/999\/revisions"}],"predecessor-version":[{"id":1000,"href":"https:\/\/www.globalsafety.fr\/en\/wp-json\/wp\/v2\/pages\/999\/revisions\/1000"}],"wp:attachment":[{"href":"https:\/\/www.globalsafety.fr\/en\/wp-json\/wp\/v2\/media?parent=999"}],"curies":[{"name":"wp","href":"https:\/\/api.w.org\/{rel}","templated":true}]}}