{"id":981,"date":"2024-12-11T14:45:58","date_gmt":"2024-12-11T13:45:58","guid":{"rendered":"https:\/\/www.globalsafety.fr\/request-a-private-security-quote\/"},"modified":"2024-12-17T06:56:02","modified_gmt":"2024-12-17T05:56:02","slug":"request-a-private-security-quote","status":"publish","type":"page","link":"https:\/\/www.globalsafety.fr\/en\/request-a-private-security-quote\/","title":{"rendered":"Request a Private Security Quote"},"content":{"rendered":"\t\t<div data-elementor-type=\"wp-page\" data-elementor-id=\"981\" class=\"elementor elementor-981 elementor-560\" data-elementor-post-type=\"page\">\n\t\t\t\t<div data-particle_enable=\"false\" data-particle-mobile-disabled=\"false\" class=\"elementor-element elementor-element-15ac613 e-con-full e-flex e-con e-parent\" data-id=\"15ac613\" data-element_type=\"container\" data-e-type=\"container\" data-settings=\"{&quot;background_background&quot;:&quot;classic&quot;}\">\n\t\t\t\t<\/div>\n\t\t<div data-particle_enable=\"false\" data-particle-mobile-disabled=\"false\" class=\"elementor-element elementor-element-e39e3d7 e-flex e-con-boxed e-con e-parent\" data-id=\"e39e3d7\" data-element_type=\"container\" data-e-type=\"container\">\n\t\t\t\t\t<div class=\"e-con-inner\">\n\t\t<div data-particle_enable=\"false\" data-particle-mobile-disabled=\"false\" class=\"elementor-element elementor-element-9752e95 e-con-full e-flex e-con e-child\" data-id=\"9752e95\" data-element_type=\"container\" data-e-type=\"container\" data-settings=\"{&quot;background_background&quot;:&quot;classic&quot;}\">\n\t\t<div data-particle_enable=\"false\" data-particle-mobile-disabled=\"false\" class=\"elementor-element elementor-element-2771cd8e e-con-full e-flex e-con e-child\" data-id=\"2771cd8e\" data-element_type=\"container\" data-e-type=\"container\">\n\t\t\t\t<div class=\"elementor-element elementor-element-aecd258 elementor-widget elementor-widget-heading\" data-id=\"aecd258\" data-element_type=\"widget\" data-e-type=\"widget\" data-widget_type=\"heading.default\">\n\t\t\t\t\t<h1 class=\"elementor-heading-title elementor-size-default\">Online Quote<\/h1>\t\t\t\t<\/div>\n\t\t\t\t<div class=\"elementor-element elementor-element-3abd964 elementor-widget-divider--view-line elementor-widget elementor-widget-divider\" data-id=\"3abd964\" data-element_type=\"widget\" data-e-type=\"widget\" data-widget_type=\"divider.default\">\n\t\t\t\t\t\t\t<div class=\"elementor-divider\">\n\t\t\t<span class=\"elementor-divider-separator\">\n\t\t\t\t\t\t<\/span>\n\t\t<\/div>\n\t\t\t\t\t\t<\/div>\n\t\t\t\t<div class=\"elementor-element elementor-element-8f84540 elementor-widget elementor-widget-text-editor\" data-id=\"8f84540\" data-element_type=\"widget\" data-e-type=\"widget\" data-widget_type=\"text-editor.default\">\n\t\t\t\t\t\t\t\t\t<p>At <strong>Global Safety<\/strong>, every client is unique, as are their security needs. Whether it&#8217;s protecting your assets, securing your premises, or providing tailored solutions for your business, we deliver services designed to meet your expectations. <\/p>\n<p>Complete the form below in just a few minutes to help us better understand your requirements. Our team will review your request and provide you with a clear, detailed, and obligation-free quote as quickly as possible. <\/p>\n<p><strong>Why request a quote?<\/strong><\/p>\n<ul>\n<li><strong>Personalized solutions<\/strong>: tailored to your specific needs.<\/li>\n<li><strong>Complete transparency<\/strong>: clear and competitive pricing.<\/li>\n<li><strong>Responsiveness<\/strong>: fast and efficient responses to meet your expectations.<\/li>\n<\/ul>\n<p>Secure your future today. <strong>Request your quote now<\/strong> and discover how we can support you with excellence and professionalism.<\/p>\n\t\t\t\t\t\t\t\t<\/div>\n\t\t\t\t<\/div>\n\t\t<div data-particle_enable=\"false\" data-particle-mobile-disabled=\"false\" class=\"elementor-element elementor-element-1075d189 e-con-full e-flex e-con e-child\" data-id=\"1075d189\" data-element_type=\"container\" data-e-type=\"container\">\n\t\t\t\t<div class=\"elementor-element elementor-element-db9dcee elementor-button-align-end elementor-mobile-button-align-center elementor-widget elementor-widget-form\" data-id=\"db9dcee\" data-element_type=\"widget\" data-e-type=\"widget\" data-settings=\"{&quot;step_next_label&quot;:&quot;Next&quot;,&quot;step_previous_label&quot;:&quot;Previous&quot;,&quot;button_width&quot;:&quot;100&quot;,&quot;step_type&quot;:&quot;number_text&quot;,&quot;step_icon_shape&quot;:&quot;circle&quot;}\" data-widget_type=\"form.default\">\n\t\t\t\t\t\t\t<form class=\"elementor-form\" method=\"post\" name=\"New Form\" aria-label=\"New Form\">\n\t\t\t<input type=\"hidden\" name=\"post_id\" value=\"981\"\/>\n\t\t\t<input type=\"hidden\" name=\"form_id\" value=\"db9dcee\"\/>\n\t\t\t<input type=\"hidden\" name=\"referer_title\" value=\"Global Safety\" \/>\n\n\t\t\t\n\t\t\t<div class=\"elementor-form-fields-wrapper elementor-labels-\">\n\t\t\t\t\t\t\t\t<div class=\"elementor-field-type-text elementor-field-group elementor-column elementor-field-group-field_5e63ec7 elementor-col-50\">\n\t\t\t\t\t\t\t\t\t\t\t\t<label for=\"form-field-field_5e63ec7\" class=\"elementor-field-label elementor-screen-only\">\n\t\t\t\t\t\t\t\tName\t\t\t\t\t\t\t<\/label>\n\t\t\t\t\t\t\t\t\t\t\t\t\t\t<input size=\"1\" type=\"text\" name=\"form_fields[field_5e63ec7]\" id=\"form-field-field_5e63ec7\" class=\"elementor-field elementor-size-sm  elementor-field-textual\" placeholder=\"Name*\">\n\t\t\t\t\t\t\t\t\t\t\t<\/div>\n\t\t\t\t\t\t\t\t<div class=\"elementor-field-type-text elementor-field-group elementor-column elementor-field-group-name elementor-col-50\">\n\t\t\t\t\t\t\t\t\t\t\t\t<label for=\"form-field-name\" class=\"elementor-field-label elementor-screen-only\">\n\t\t\t\t\t\t\t\tFirst Name\t\t\t\t\t\t\t<\/label>\n\t\t\t\t\t\t\t\t\t\t\t\t\t\t<input size=\"1\" type=\"text\" name=\"form_fields[name]\" id=\"form-field-name\" class=\"elementor-field elementor-size-sm  elementor-field-textual\" placeholder=\"First Name*\">\n\t\t\t\t\t\t\t\t\t\t\t<\/div>\n\t\t\t\t\t\t\t\t<div class=\"elementor-field-type-tel elementor-field-group elementor-column elementor-field-group-field_f5f1e1b elementor-col-50\">\n\t\t\t\t\t\t\t\t\t\t\t\t<label for=\"form-field-field_f5f1e1b\" class=\"elementor-field-label elementor-screen-only\">\n\t\t\t\t\t\t\t\tPhone\t\t\t\t\t\t\t<\/label>\n\t\t\t\t\t\t\t\t<input size=\"1\" type=\"tel\" name=\"form_fields[field_f5f1e1b]\" id=\"form-field-field_f5f1e1b\" class=\"elementor-field elementor-size-sm  elementor-field-textual\" placeholder=\"Phone*\" pattern=\"[0-9()#&amp;+*-=.]+\" title=\"Only numbers and phone characters (#, -, *, etc) are accepted.\">\n\n\t\t\t\t\t\t<\/div>\n\t\t\t\t\t\t\t\t<div class=\"elementor-field-type-email elementor-field-group elementor-column elementor-field-group-email elementor-col-50 elementor-field-required\">\n\t\t\t\t\t\t\t\t\t\t\t\t<label for=\"form-field-email\" class=\"elementor-field-label elementor-screen-only\">\n\t\t\t\t\t\t\t\tEmail*\t\t\t\t\t\t\t<\/label>\n\t\t\t\t\t\t\t\t\t\t\t\t\t\t<input size=\"1\" type=\"email\" name=\"form_fields[email]\" id=\"form-field-email\" class=\"elementor-field elementor-size-sm  elementor-field-textual\" placeholder=\"Email*\" required=\"required\">\n\t\t\t\t\t\t\t\t\t\t\t<\/div>\n\t\t\t\t\t\t\t\t<div class=\"elementor-field-type-text elementor-field-group elementor-column elementor-field-group-field_5ac9db5 elementor-col-100\">\n\t\t\t\t\t\t\t\t\t\t\t\t<label for=\"form-field-field_5ac9db5\" class=\"elementor-field-label elementor-screen-only\">\n\t\t\t\t\t\t\t\tCompany\t\t\t\t\t\t\t<\/label>\n\t\t\t\t\t\t\t\t\t\t\t\t\t\t<input size=\"1\" type=\"text\" name=\"form_fields[field_5ac9db5]\" id=\"form-field-field_5ac9db5\" class=\"elementor-field elementor-size-sm  elementor-field-textual\" placeholder=\"Company Name*\">\n\t\t\t\t\t\t\t\t\t\t\t<\/div>\n\t\t\t\t\t\t\t\t<div class=\"elementor-field-type-text elementor-field-group elementor-column elementor-field-group-field_f4c0b0b elementor-col-100\">\n\t\t\t\t\t\t\t\t\t\t\t\t<label for=\"form-field-field_f4c0b0b\" class=\"elementor-field-label elementor-screen-only\">\n\t\t\t\t\t\t\t\tAddress\t\t\t\t\t\t\t<\/label>\n\t\t\t\t\t\t\t\t\t\t\t\t\t\t<input size=\"1\" type=\"text\" name=\"form_fields[field_f4c0b0b]\" id=\"form-field-field_f4c0b0b\" class=\"elementor-field elementor-size-sm  elementor-field-textual\" placeholder=\"Location*\">\n\t\t\t\t\t\t\t\t\t\t\t<\/div>\n\t\t\t\t\t\t\t\t<div class=\"elementor-field-type-textarea elementor-field-group elementor-column elementor-field-group-message elementor-col-100 elementor-field-required\">\n\t\t\t\t\t\t\t\t\t\t\t\t<label for=\"form-field-message\" class=\"elementor-field-label elementor-screen-only\">\n\t\t\t\t\t\t\t\tMessage\t\t\t\t\t\t\t<\/label>\n\t\t\t\t\t\t<textarea class=\"elementor-field-textual elementor-field  elementor-size-sm\" name=\"form_fields[message]\" id=\"form-field-message\" rows=\"4\" placeholder=\"Project Details\" required=\"required\"><\/textarea>\t\t\t\t<\/div>\n\t\t\t\t\t\t\t\t<div class=\"elementor-field-type-recaptcha_v3 elementor-field-group elementor-column elementor-field-group-field_795a2a3 elementor-col-100 recaptcha_v3-bottomleft\">\n\t\t\t\t\t<div class=\"elementor-field\" id=\"form-field-field_795a2a3\"><div class=\"elementor-g-recaptcha\" data-sitekey=\"6LdEfJ0qAAAAAOxqP0Vm2kOh1ARzVrvTG8Oy-vW-\" data-type=\"v3\" data-action=\"Form\" data-badge=\"bottomleft\" data-size=\"invisible\"><\/div><\/div>\t\t\t\t<\/div>\n\t\t\t\t\t\t\t\t<div class=\"elementor-field-group elementor-column elementor-field-type-submit elementor-col-100 e-form__buttons\">\n\t\t\t\t\t<button class=\"elementor-button elementor-size-md elementor-animation-grow\" type=\"submit\">\n\t\t\t\t\t\t<span class=\"elementor-button-content-wrapper\">\n\t\t\t\t\t\t\t\t\t\t\t\t\t\t\t\t\t\t\t\t\t\t<span class=\"elementor-button-text\">Send<\/span>\n\t\t\t\t\t\t\t\t\t\t\t\t\t<\/span>\n\t\t\t\t\t<\/button>\n\t\t\t\t<\/div>\n\t\t\t<\/div>\n\t\t<\/form>\n\t\t\t\t\t\t<\/div>\n\t\t\t\t<\/div>\n\t\t\t\t<\/div>\n\t\t\t\t\t<\/div>\n\t\t\t\t<\/div>\n\t\t\t\t<\/div>\n\t\t","protected":false},"excerpt":{"rendered":"<p>Online Quote At Global Safety, every client is unique, as are their security needs. Whether it&#8217;s protecting your assets, securing [&hellip;]<\/p>\n","protected":false},"author":1,"featured_media":0,"parent":0,"menu_order":0,"comment_status":"closed","ping_status":"closed","template":"","meta":{"site-sidebar-layout":"no-sidebar","site-content-layout":"","ast-site-content-layout":"full-width-container","site-content-style":"default","site-sidebar-style":"default","ast-global-header-display":"","ast-banner-title-visibility":"","ast-main-header-display":"","ast-hfb-above-header-display":"","ast-hfb-below-header-display":"","ast-hfb-mobile-header-display":"","site-post-title":"disabled","ast-breadcrumbs-content":"","ast-featured-img":"disabled","footer-sml-layout":"","ast-disable-related-posts":"","theme-transparent-header-meta":"","adv-header-id-meta":"","stick-header-meta":"","header-above-stick-meta":"","header-main-stick-meta":"","header-below-stick-meta":"","astra-migrate-meta-layouts":"default","ast-page-background-enabled":"default","ast-page-background-meta":{"desktop":{"background-color":"var(--ast-global-color-4)","background-image":"","background-repeat":"repeat","background-position":"center center","background-size":"auto","background-attachment":"scroll","background-type":"","background-media":"","overlay-type":"","overlay-color":"","overlay-opacity":"","overlay-gradient":""},"tablet":{"background-color":"","background-image":"","background-repeat":"repeat","background-position":"center center","background-size":"auto","background-attachment":"scroll","background-type":"","background-media":"","overlay-type":"","overlay-color":"","overlay-opacity":"","overlay-gradient":""},"mobile":{"background-color":"","background-image":"","background-repeat":"repeat","background-position":"center center","background-size":"auto","background-attachment":"scroll","background-type":"","background-media":"","overlay-type":"","overlay-color":"","overlay-opacity":"","overlay-gradient":""}},"ast-content-background-meta":{"desktop":{"background-color":"var(--ast-global-color-5)","background-image":"","background-repeat":"repeat","background-position":"center center","background-size":"auto","background-attachment":"scroll","background-type":"","background-media":"","overlay-type":"","overlay-color":"","overlay-opacity":"","overlay-gradient":""},"tablet":{"background-color":"var(--ast-global-color-5)","background-image":"","background-repeat":"repeat","background-position":"center center","background-size":"auto","background-attachment":"scroll","background-type":"","background-media":"","overlay-type":"","overlay-color":"","overlay-opacity":"","overlay-gradient":""},"mobile":{"background-color":"var(--ast-global-color-5)","background-image":"","background-repeat":"repeat","background-position":"center center","background-size":"auto","background-attachment":"scroll","background-type":"","background-media":"","overlay-type":"","overlay-color":"","overlay-opacity":"","overlay-gradient":""}},"footnotes":""},"class_list":["post-981","page","type-page","status-publish","hentry"],"yoast_head":"<!-- This site is optimized with the Yoast SEO plugin v27.3 - https:\/\/yoast.com\/product\/yoast-seo-wordpress\/ -->\n<title>Request a Private Security Quote - Global Safety<\/title>\n<meta name=\"description\" content=\"Get Your Private Security Quote in 2 Minutes Global Safety will respond within 48 hours. Need advice? Call us now!\" \/>\n<meta name=\"robots\" content=\"index, follow, max-snippet:-1, max-image-preview:large, max-video-preview:-1\" \/>\n<link rel=\"canonical\" href=\"https:\/\/www.globalsafety.fr\/en\/request-a-private-security-quote\/\" \/>\n<meta property=\"og:locale\" content=\"en_US\" \/>\n<meta property=\"og:type\" content=\"article\" \/>\n<meta property=\"og:title\" content=\"Request a Private Security Quote - Global Safety\" \/>\n<meta property=\"og:description\" content=\"Get Your Private Security Quote in 2 Minutes Global Safety will respond within 48 hours. Need advice? Call us now!\" \/>\n<meta property=\"og:url\" content=\"https:\/\/www.globalsafety.fr\/en\/request-a-private-security-quote\/\" \/>\n<meta property=\"og:site_name\" content=\"Global Safety\" \/>\n<meta property=\"article:publisher\" content=\"https:\/\/www.facebook.com\/Global-Safety-Consulting-341380578309\/?fref=ts\" \/>\n<meta property=\"article:modified_time\" content=\"2024-12-17T05:56:02+00:00\" \/>\n<meta name=\"twitter:card\" content=\"summary_large_image\" \/>\n<meta name=\"twitter:label1\" content=\"Est. reading time\" \/>\n\t<meta name=\"twitter:data1\" content=\"1 minute\" \/>\n<script type=\"application\/ld+json\" class=\"yoast-schema-graph\">{\"@context\":\"https:\\\/\\\/schema.org\",\"@graph\":[{\"@type\":\"WebPage\",\"@id\":\"https:\\\/\\\/www.globalsafety.fr\\\/en\\\/request-a-private-security-quote\\\/\",\"url\":\"https:\\\/\\\/www.globalsafety.fr\\\/en\\\/request-a-private-security-quote\\\/\",\"name\":\"Request a Private Security Quote - Global Safety\",\"isPartOf\":{\"@id\":\"https:\\\/\\\/www.globalsafety.fr\\\/en\\\/#website\"},\"datePublished\":\"2024-12-11T13:45:58+00:00\",\"dateModified\":\"2024-12-17T05:56:02+00:00\",\"description\":\"Get Your Private Security Quote in 2 Minutes Global Safety will respond within 48 hours. Need advice? Call us now!\",\"breadcrumb\":{\"@id\":\"https:\\\/\\\/www.globalsafety.fr\\\/en\\\/request-a-private-security-quote\\\/#breadcrumb\"},\"inLanguage\":\"en-US\",\"potentialAction\":[{\"@type\":\"ReadAction\",\"target\":[\"https:\\\/\\\/www.globalsafety.fr\\\/en\\\/request-a-private-security-quote\\\/\"]}]},{\"@type\":\"BreadcrumbList\",\"@id\":\"https:\\\/\\\/www.globalsafety.fr\\\/en\\\/request-a-private-security-quote\\\/#breadcrumb\",\"itemListElement\":[{\"@type\":\"ListItem\",\"position\":1,\"name\":\"Accueil\",\"item\":\"https:\\\/\\\/www.globalsafety.fr\\\/en\\\/home\\\/\"},{\"@type\":\"ListItem\",\"position\":2,\"name\":\"Request a Private Security Quote\"}]},{\"@type\":\"WebSite\",\"@id\":\"https:\\\/\\\/www.globalsafety.fr\\\/en\\\/#website\",\"url\":\"https:\\\/\\\/www.globalsafety.fr\\\/en\\\/\",\"name\":\"Global Safety\",\"description\":\"Soci\u00e9t\u00e9 de s\u00e9curit\u00e9 priv\u00e9e sur la C\u00f4te d&#039;Azur\",\"publisher\":{\"@id\":\"https:\\\/\\\/www.globalsafety.fr\\\/en\\\/#organization\"},\"potentialAction\":[{\"@type\":\"SearchAction\",\"target\":{\"@type\":\"EntryPoint\",\"urlTemplate\":\"https:\\\/\\\/www.globalsafety.fr\\\/en\\\/?s={search_term_string}\"},\"query-input\":{\"@type\":\"PropertyValueSpecification\",\"valueRequired\":true,\"valueName\":\"search_term_string\"}}],\"inLanguage\":\"en-US\"},{\"@type\":\"Organization\",\"@id\":\"https:\\\/\\\/www.globalsafety.fr\\\/en\\\/#organization\",\"name\":\"Global Safety\",\"url\":\"https:\\\/\\\/www.globalsafety.fr\\\/en\\\/\",\"logo\":{\"@type\":\"ImageObject\",\"inLanguage\":\"en-US\",\"@id\":\"https:\\\/\\\/www.globalsafety.fr\\\/en\\\/#\\\/schema\\\/logo\\\/image\\\/\",\"url\":\"https:\\\/\\\/www.globalsafety.fr\\\/wp-content\\\/uploads\\\/2024\\\/11\\\/Logo-Global-Safety.png\",\"contentUrl\":\"https:\\\/\\\/www.globalsafety.fr\\\/wp-content\\\/uploads\\\/2024\\\/11\\\/Logo-Global-Safety.png\",\"width\":301,\"height\":54,\"caption\":\"Global Safety\"},\"image\":{\"@id\":\"https:\\\/\\\/www.globalsafety.fr\\\/en\\\/#\\\/schema\\\/logo\\\/image\\\/\"},\"sameAs\":[\"https:\\\/\\\/www.facebook.com\\\/Global-Safety-Consulting-341380578309\\\/?fref=ts\",\"https:\\\/\\\/www.instagram.com\\\/globalsafety06\\\/\",\"https:\\\/\\\/www.linkedin.com\\\/company\\\/globalsafety06\\\/\"]}]}<\/script>\n<!-- \/ Yoast SEO plugin. -->","yoast_head_json":{"title":"Request a Private Security Quote - Global Safety","description":"Get Your Private Security Quote in 2 Minutes Global Safety will respond within 48 hours. Need advice? Call us now!","robots":{"index":"index","follow":"follow","max-snippet":"max-snippet:-1","max-image-preview":"max-image-preview:large","max-video-preview":"max-video-preview:-1"},"canonical":"https:\/\/www.globalsafety.fr\/en\/request-a-private-security-quote\/","og_locale":"en_US","og_type":"article","og_title":"Request a Private Security Quote - Global Safety","og_description":"Get Your Private Security Quote in 2 Minutes Global Safety will respond within 48 hours. Need advice? Call us now!","og_url":"https:\/\/www.globalsafety.fr\/en\/request-a-private-security-quote\/","og_site_name":"Global Safety","article_publisher":"https:\/\/www.facebook.com\/Global-Safety-Consulting-341380578309\/?fref=ts","article_modified_time":"2024-12-17T05:56:02+00:00","twitter_card":"summary_large_image","twitter_misc":{"Est. reading time":"1 minute"},"schema":{"@context":"https:\/\/schema.org","@graph":[{"@type":"WebPage","@id":"https:\/\/www.globalsafety.fr\/en\/request-a-private-security-quote\/","url":"https:\/\/www.globalsafety.fr\/en\/request-a-private-security-quote\/","name":"Request a Private Security Quote - Global Safety","isPartOf":{"@id":"https:\/\/www.globalsafety.fr\/en\/#website"},"datePublished":"2024-12-11T13:45:58+00:00","dateModified":"2024-12-17T05:56:02+00:00","description":"Get Your Private Security Quote in 2 Minutes Global Safety will respond within 48 hours. Need advice? Call us now!","breadcrumb":{"@id":"https:\/\/www.globalsafety.fr\/en\/request-a-private-security-quote\/#breadcrumb"},"inLanguage":"en-US","potentialAction":[{"@type":"ReadAction","target":["https:\/\/www.globalsafety.fr\/en\/request-a-private-security-quote\/"]}]},{"@type":"BreadcrumbList","@id":"https:\/\/www.globalsafety.fr\/en\/request-a-private-security-quote\/#breadcrumb","itemListElement":[{"@type":"ListItem","position":1,"name":"Accueil","item":"https:\/\/www.globalsafety.fr\/en\/home\/"},{"@type":"ListItem","position":2,"name":"Request a Private Security Quote"}]},{"@type":"WebSite","@id":"https:\/\/www.globalsafety.fr\/en\/#website","url":"https:\/\/www.globalsafety.fr\/en\/","name":"Global Safety","description":"Soci\u00e9t\u00e9 de s\u00e9curit\u00e9 priv\u00e9e sur la C\u00f4te d&#039;Azur","publisher":{"@id":"https:\/\/www.globalsafety.fr\/en\/#organization"},"potentialAction":[{"@type":"SearchAction","target":{"@type":"EntryPoint","urlTemplate":"https:\/\/www.globalsafety.fr\/en\/?s={search_term_string}"},"query-input":{"@type":"PropertyValueSpecification","valueRequired":true,"valueName":"search_term_string"}}],"inLanguage":"en-US"},{"@type":"Organization","@id":"https:\/\/www.globalsafety.fr\/en\/#organization","name":"Global Safety","url":"https:\/\/www.globalsafety.fr\/en\/","logo":{"@type":"ImageObject","inLanguage":"en-US","@id":"https:\/\/www.globalsafety.fr\/en\/#\/schema\/logo\/image\/","url":"https:\/\/www.globalsafety.fr\/wp-content\/uploads\/2024\/11\/Logo-Global-Safety.png","contentUrl":"https:\/\/www.globalsafety.fr\/wp-content\/uploads\/2024\/11\/Logo-Global-Safety.png","width":301,"height":54,"caption":"Global Safety"},"image":{"@id":"https:\/\/www.globalsafety.fr\/en\/#\/schema\/logo\/image\/"},"sameAs":["https:\/\/www.facebook.com\/Global-Safety-Consulting-341380578309\/?fref=ts","https:\/\/www.instagram.com\/globalsafety06\/","https:\/\/www.linkedin.com\/company\/globalsafety06\/"]}]}},"_links":{"self":[{"href":"https:\/\/www.globalsafety.fr\/en\/wp-json\/wp\/v2\/pages\/981","targetHints":{"allow":["GET"]}}],"collection":[{"href":"https:\/\/www.globalsafety.fr\/en\/wp-json\/wp\/v2\/pages"}],"about":[{"href":"https:\/\/www.globalsafety.fr\/en\/wp-json\/wp\/v2\/types\/page"}],"author":[{"embeddable":true,"href":"https:\/\/www.globalsafety.fr\/en\/wp-json\/wp\/v2\/users\/1"}],"replies":[{"embeddable":true,"href":"https:\/\/www.globalsafety.fr\/en\/wp-json\/wp\/v2\/comments?post=981"}],"version-history":[{"count":2,"href":"https:\/\/www.globalsafety.fr\/en\/wp-json\/wp\/v2\/pages\/981\/revisions"}],"predecessor-version":[{"id":1123,"href":"https:\/\/www.globalsafety.fr\/en\/wp-json\/wp\/v2\/pages\/981\/revisions\/1123"}],"wp:attachment":[{"href":"https:\/\/www.globalsafety.fr\/en\/wp-json\/wp\/v2\/media?parent=981"}],"curies":[{"name":"wp","href":"https:\/\/api.w.org\/{rel}","templated":true}]}}